{"id":2382,"date":"2020-05-12T12:21:00","date_gmt":"2020-05-12T12:21:00","guid":{"rendered":"https:\/\/orache.es\/\/?post_type=product&#038;p=2382"},"modified":"2026-04-22T02:09:56","modified_gmt":"2026-04-22T02:09:56","slug":"pastillas-desinfectantes-superficies-cleanpill","status":"publish","type":"product","link":"https:\/\/shop.orache.es\/fr\/product\/pastillas-desinfectantes-superficies-cleanpill\/","title":{"rendered":"Pastillas Cleanpill, uso general (Bote 48 pastillas de 3,35 gr)"},"content":{"rendered":"<p>Pastillas Cleanpill. Finalidad bactericida, fungicida y viricida.<\/p>\n<p>Uso ambiental. Desinfecci\u00f3n de contacto: aplicaci\u00f3n en cisternas de inodoros por el p\u00fablico en general.<\/p>\n<p>Cleanpill fabricado por Orache Desinfection\u00a0<strong>es un producto avalado y recomendado por el Ministerio de Sanidad del Gobierno de Espa\u00f1a<\/strong>\u00a0gracias a su actividad virucida. Es un producto MADE IN SPAIN que respeta el medio ambiente, ahorra peso, espacio y volumen, con una reducci\u00f3n del 93% de pl\u00e1stico. \u00a1Consigue los mejores precios en nuestra web!<\/p>\n<p>N\u00ba Registro: 16-20\/40\/90-07974<\/p>\n","protected":false},"excerpt":{"rendered":"<p>Pastillas Cleanpill. Finalidad bactericida, fungicida y viricida.<\/p>\n<p>Uso ambiental. Desinfecci\u00f3n de contacto: aplicaci\u00f3n en cisternas de inodoros por el p\u00fablico en general.<\/p>\n","protected":false},"featured_media":40808,"comment_status":"open","ping_status":"closed","template":"","meta":[],"product_brand":[],"product_cat":[179],"product_tag":[],"class_list":{"0":"post-2382","1":"product","2":"type-product","3":"status-publish","4":"has-post-thumbnail","6":"product_cat-pastillas-desinfectantes","8":"first","9":"instock","10":"taxable","11":"shipping-taxable","12":"purchasable","13":"product-type-variable"},"yoast_head":"<!-- This site is optimized with the Yoast SEO plugin v27.4 - https:\/\/yoast.com\/product\/yoast-seo-wordpress\/ -->\n<title>Pastillas Cleanpill, uso general (Bote 48 pastillas de 3,35 gr) - Orache Desinfection<\/title>\n<meta name=\"description\" content=\"Pastillas Cleanpill. Finalidad bactericida, fungicida y viricida.Uso ambiental. Desinfecci\u00f3n de contacto: aplicaci\u00f3n en cisternas de inodoros por el p\u00fablico en general. Cleanpill fabricado por Orache Desinfection\u00a0es un producto avalado y recomendado por el Ministerio de Sanidad del Gobierno de Espa\u00f1a\u00a0gracias a su actividad virucida. Es un producto MADE IN SPAIN que respeta el medio ambiente, ahorra peso, espacio y volumen, con una reducci\u00f3n del 93% de pl\u00e1stico. \u00a1Consigue los mejores precios en nuestra web!N\u00ba Registro: 16-20\/40\/90-07974\" \/>\n<meta name=\"robots\" content=\"index, follow, max-snippet:-1, max-image-preview:large, max-video-preview:-1\" \/>\n<link rel=\"canonical\" href=\"https:\/\/shop.orache.es\/fr\/product\/pastillas-desinfectantes-superficies-cleanpill\/\" \/>\n<meta property=\"og:locale\" content=\"fr_FR\" \/>\n<meta property=\"og:type\" content=\"article\" \/>\n<meta property=\"og:title\" content=\"Pastillas Cleanpill, uso general (Bote 48 pastillas de 3,35 gr) - Orache Desinfection\" \/>\n<meta property=\"og:description\" content=\"Pastillas Cleanpill. Finalidad bactericida, fungicida y viricida.Uso ambiental. Desinfecci\u00f3n de contacto: aplicaci\u00f3n en cisternas de inodoros por el p\u00fablico en general. Cleanpill fabricado por Orache Desinfection\u00a0es un producto avalado y recomendado por el Ministerio de Sanidad del Gobierno de Espa\u00f1a\u00a0gracias a su actividad virucida. Es un producto MADE IN SPAIN que respeta el medio ambiente, ahorra peso, espacio y volumen, con una reducci\u00f3n del 93% de pl\u00e1stico. \u00a1Consigue los mejores precios en nuestra web!N\u00ba Registro: 16-20\/40\/90-07974\" \/>\n<meta property=\"og:url\" content=\"https:\/\/shop.orache.es\/fr\/product\/pastillas-desinfectantes-superficies-cleanpill\/\" \/>\n<meta property=\"og:site_name\" content=\"Orache Desinfection\" \/>\n<meta property=\"article:modified_time\" content=\"2026-04-22T02:09:56+00:00\" \/>\n<meta property=\"og:image\" content=\"https:\/\/shop.orache.es\/cms\/wp-content\/uploads\/2020\/05\/cleanpill.webp\" \/>\n\t<meta property=\"og:image:width\" content=\"730\" \/>\n\t<meta property=\"og:image:height\" content=\"730\" \/>\n\t<meta property=\"og:image:type\" content=\"image\/webp\" \/>\n<meta name=\"twitter:card\" content=\"summary_large_image\" \/>\n<meta name=\"twitter:label1\" content=\"Dur\u00e9e de lecture estim\u00e9e\" \/>\n\t<meta name=\"twitter:data1\" content=\"1 minute\" \/>\n<script type=\"application\/ld+json\" class=\"yoast-schema-graph\">{\"@context\":\"https:\\\/\\\/schema.org\",\"@graph\":[{\"@type\":\"WebPage\",\"@id\":\"https:\\\/\\\/shop.orache.es\\\/fr\\\/product\\\/pastillas-desinfectantes-superficies-cleanpill\\\/\",\"url\":\"https:\\\/\\\/shop.orache.es\\\/fr\\\/product\\\/pastillas-desinfectantes-superficies-cleanpill\\\/\",\"name\":\"Pastillas Cleanpill, uso general (Bote 48 pastillas de 3,35 gr) - Orache Desinfection\",\"isPartOf\":{\"@id\":\"https:\\\/\\\/orache.es\\\/#website\"},\"primaryImageOfPage\":{\"@id\":\"https:\\\/\\\/shop.orache.es\\\/fr\\\/product\\\/pastillas-desinfectantes-superficies-cleanpill\\\/#primaryimage\"},\"image\":{\"@id\":\"https:\\\/\\\/shop.orache.es\\\/fr\\\/product\\\/pastillas-desinfectantes-superficies-cleanpill\\\/#primaryimage\"},\"thumbnailUrl\":\"https:\\\/\\\/shop.orache.es\\\/cms\\\/wp-content\\\/uploads\\\/2020\\\/05\\\/cleanpill.webp\",\"datePublished\":\"2020-05-12T12:21:00+00:00\",\"dateModified\":\"2026-04-22T02:09:56+00:00\",\"description\":\"Pastillas Cleanpill. Finalidad bactericida, fungicida y viricida.Uso ambiental. Desinfecci\u00f3n de contacto: aplicaci\u00f3n en cisternas de inodoros por el p\u00fablico en general. Cleanpill fabricado por Orache Desinfection\u00a0es un producto avalado y recomendado por el Ministerio de Sanidad del Gobierno de Espa\u00f1a\u00a0gracias a su actividad virucida. Es un producto MADE IN SPAIN que respeta el medio ambiente, ahorra peso, espacio y volumen, con una reducci\u00f3n del 93% de pl\u00e1stico. \u00a1Consigue los mejores precios en nuestra web!N\u00ba Registro: 16-20\\\/40\\\/90-07974\",\"breadcrumb\":{\"@id\":\"https:\\\/\\\/shop.orache.es\\\/fr\\\/product\\\/pastillas-desinfectantes-superficies-cleanpill\\\/#breadcrumb\"},\"inLanguage\":\"fr-FR\",\"potentialAction\":[{\"@type\":\"ReadAction\",\"target\":[\"https:\\\/\\\/shop.orache.es\\\/fr\\\/product\\\/pastillas-desinfectantes-superficies-cleanpill\\\/\"]}]},{\"@type\":\"ImageObject\",\"inLanguage\":\"fr-FR\",\"@id\":\"https:\\\/\\\/shop.orache.es\\\/fr\\\/product\\\/pastillas-desinfectantes-superficies-cleanpill\\\/#primaryimage\",\"url\":\"https:\\\/\\\/shop.orache.es\\\/cms\\\/wp-content\\\/uploads\\\/2020\\\/05\\\/cleanpill.webp\",\"contentUrl\":\"https:\\\/\\\/shop.orache.es\\\/cms\\\/wp-content\\\/uploads\\\/2020\\\/05\\\/cleanpill.webp\",\"width\":730,\"height\":730,\"caption\":\"Pastillas Cleanpill, uso general (Bote 48 pastillas de 3,35 gr) - cleanpill.webp\"},{\"@type\":\"BreadcrumbList\",\"@id\":\"https:\\\/\\\/shop.orache.es\\\/fr\\\/product\\\/pastillas-desinfectantes-superficies-cleanpill\\\/#breadcrumb\",\"itemListElement\":[{\"@type\":\"ListItem\",\"position\":1,\"name\":\"Portada\",\"item\":\"https:\\\/\\\/shop.orache.es\\\/fr\\\/\"},{\"@type\":\"ListItem\",\"position\":2,\"name\":\"Tienda online\",\"item\":\"https:\\\/\\\/shop.orache.es\\\/tienda-online\\\/\"},{\"@type\":\"ListItem\",\"position\":3,\"name\":\"Pastillas Cleanpill, uso general (Bote 48 pastillas de 3,35 gr)\"}]},{\"@type\":\"WebSite\",\"@id\":\"https:\\\/\\\/orache.es\\\/#website\",\"url\":\"https:\\\/\\\/orache.es\\\/\",\"name\":\"Orache Desinfection\",\"description\":\"Fabricantes de productos de limpieza\",\"publisher\":{\"@id\":\"https:\\\/\\\/orache.es\\\/#organization\"},\"potentialAction\":[{\"@type\":\"SearchAction\",\"target\":{\"@type\":\"EntryPoint\",\"urlTemplate\":\"https:\\\/\\\/orache.es\\\/?s={search_term_string}\"},\"query-input\":{\"@type\":\"PropertyValueSpecification\",\"valueRequired\":true,\"valueName\":\"search_term_string\"}}],\"inLanguage\":\"fr-FR\"},{\"@type\":\"Organization\",\"@id\":\"https:\\\/\\\/orache.es\\\/#organization\",\"name\":\"Orache Desinfection\",\"url\":\"https:\\\/\\\/orache.es\\\/\",\"logo\":{\"@type\":\"ImageObject\",\"inLanguage\":\"fr-FR\",\"@id\":\"https:\\\/\\\/orache.es\\\/#\\\/schema\\\/logo\\\/image\\\/\",\"url\":\"https:\\\/\\\/shop.orache.es\\\/cms\\\/wp-content\\\/uploads\\\/2023\\\/03\\\/logo-1.png\",\"contentUrl\":\"https:\\\/\\\/shop.orache.es\\\/cms\\\/wp-content\\\/uploads\\\/2023\\\/03\\\/logo-1.png\",\"width\":1166,\"height\":545,\"caption\":\"Orache Desinfection\"},\"image\":{\"@id\":\"https:\\\/\\\/orache.es\\\/#\\\/schema\\\/logo\\\/image\\\/\"}}]}<\/script>\n<!-- \/ Yoast SEO plugin. -->","yoast_head_json":{"title":"Pastillas Cleanpill, uso general (Bote 48 pastillas de 3,35 gr) - Orache Desinfection","description":"Pastillas Cleanpill. Finalidad bactericida, fungicida y viricida.Uso ambiental. Desinfecci\u00f3n de contacto: aplicaci\u00f3n en cisternas de inodoros por el p\u00fablico en general. Cleanpill fabricado por Orache Desinfection\u00a0es un producto avalado y recomendado por el Ministerio de Sanidad del Gobierno de Espa\u00f1a\u00a0gracias a su actividad virucida. Es un producto MADE IN SPAIN que respeta el medio ambiente, ahorra peso, espacio y volumen, con una reducci\u00f3n del 93% de pl\u00e1stico. \u00a1Consigue los mejores precios en nuestra web!N\u00ba Registro: 16-20\/40\/90-07974","robots":{"index":"index","follow":"follow","max-snippet":"max-snippet:-1","max-image-preview":"max-image-preview:large","max-video-preview":"max-video-preview:-1"},"canonical":"https:\/\/shop.orache.es\/fr\/product\/pastillas-desinfectantes-superficies-cleanpill\/","og_locale":"fr_FR","og_type":"article","og_title":"Pastillas Cleanpill, uso general (Bote 48 pastillas de 3,35 gr) - Orache Desinfection","og_description":"Pastillas Cleanpill. Finalidad bactericida, fungicida y viricida.Uso ambiental. Desinfecci\u00f3n de contacto: aplicaci\u00f3n en cisternas de inodoros por el p\u00fablico en general. Cleanpill fabricado por Orache Desinfection\u00a0es un producto avalado y recomendado por el Ministerio de Sanidad del Gobierno de Espa\u00f1a\u00a0gracias a su actividad virucida. Es un producto MADE IN SPAIN que respeta el medio ambiente, ahorra peso, espacio y volumen, con una reducci\u00f3n del 93% de pl\u00e1stico. \u00a1Consigue los mejores precios en nuestra web!N\u00ba Registro: 16-20\/40\/90-07974","og_url":"https:\/\/shop.orache.es\/fr\/product\/pastillas-desinfectantes-superficies-cleanpill\/","og_site_name":"Orache Desinfection","article_modified_time":"2026-04-22T02:09:56+00:00","og_image":[{"width":730,"height":730,"url":"https:\/\/shop.orache.es\/cms\/wp-content\/uploads\/2020\/05\/cleanpill.webp","type":"image\/webp"}],"twitter_card":"summary_large_image","twitter_misc":{"Dur\u00e9e de lecture estim\u00e9e":"1 minute"},"schema":{"@context":"https:\/\/schema.org","@graph":[{"@type":"WebPage","@id":"https:\/\/shop.orache.es\/fr\/product\/pastillas-desinfectantes-superficies-cleanpill\/","url":"https:\/\/shop.orache.es\/fr\/product\/pastillas-desinfectantes-superficies-cleanpill\/","name":"Pastillas Cleanpill, uso general (Bote 48 pastillas de 3,35 gr) - Orache Desinfection","isPartOf":{"@id":"https:\/\/orache.es\/#website"},"primaryImageOfPage":{"@id":"https:\/\/shop.orache.es\/fr\/product\/pastillas-desinfectantes-superficies-cleanpill\/#primaryimage"},"image":{"@id":"https:\/\/shop.orache.es\/fr\/product\/pastillas-desinfectantes-superficies-cleanpill\/#primaryimage"},"thumbnailUrl":"https:\/\/shop.orache.es\/cms\/wp-content\/uploads\/2020\/05\/cleanpill.webp","datePublished":"2020-05-12T12:21:00+00:00","dateModified":"2026-04-22T02:09:56+00:00","description":"Pastillas Cleanpill. Finalidad bactericida, fungicida y viricida.Uso ambiental. Desinfecci\u00f3n de contacto: aplicaci\u00f3n en cisternas de inodoros por el p\u00fablico en general. Cleanpill fabricado por Orache Desinfection\u00a0es un producto avalado y recomendado por el Ministerio de Sanidad del Gobierno de Espa\u00f1a\u00a0gracias a su actividad virucida. Es un producto MADE IN SPAIN que respeta el medio ambiente, ahorra peso, espacio y volumen, con una reducci\u00f3n del 93% de pl\u00e1stico. \u00a1Consigue los mejores precios en nuestra web!N\u00ba Registro: 16-20\/40\/90-07974","breadcrumb":{"@id":"https:\/\/shop.orache.es\/fr\/product\/pastillas-desinfectantes-superficies-cleanpill\/#breadcrumb"},"inLanguage":"fr-FR","potentialAction":[{"@type":"ReadAction","target":["https:\/\/shop.orache.es\/fr\/product\/pastillas-desinfectantes-superficies-cleanpill\/"]}]},{"@type":"ImageObject","inLanguage":"fr-FR","@id":"https:\/\/shop.orache.es\/fr\/product\/pastillas-desinfectantes-superficies-cleanpill\/#primaryimage","url":"https:\/\/shop.orache.es\/cms\/wp-content\/uploads\/2020\/05\/cleanpill.webp","contentUrl":"https:\/\/shop.orache.es\/cms\/wp-content\/uploads\/2020\/05\/cleanpill.webp","width":730,"height":730,"caption":"Pastillas Cleanpill, uso general (Bote 48 pastillas de 3,35 gr) - cleanpill.webp"},{"@type":"BreadcrumbList","@id":"https:\/\/shop.orache.es\/fr\/product\/pastillas-desinfectantes-superficies-cleanpill\/#breadcrumb","itemListElement":[{"@type":"ListItem","position":1,"name":"Portada","item":"https:\/\/shop.orache.es\/fr\/"},{"@type":"ListItem","position":2,"name":"Tienda online","item":"https:\/\/shop.orache.es\/tienda-online\/"},{"@type":"ListItem","position":3,"name":"Pastillas Cleanpill, uso general (Bote 48 pastillas de 3,35 gr)"}]},{"@type":"WebSite","@id":"https:\/\/orache.es\/#website","url":"https:\/\/orache.es\/","name":"Orache Desinfection","description":"Fabricantes de productos de limpieza","publisher":{"@id":"https:\/\/orache.es\/#organization"},"potentialAction":[{"@type":"SearchAction","target":{"@type":"EntryPoint","urlTemplate":"https:\/\/orache.es\/?s={search_term_string}"},"query-input":{"@type":"PropertyValueSpecification","valueRequired":true,"valueName":"search_term_string"}}],"inLanguage":"fr-FR"},{"@type":"Organization","@id":"https:\/\/orache.es\/#organization","name":"Orache Desinfection","url":"https:\/\/orache.es\/","logo":{"@type":"ImageObject","inLanguage":"fr-FR","@id":"https:\/\/orache.es\/#\/schema\/logo\/image\/","url":"https:\/\/shop.orache.es\/cms\/wp-content\/uploads\/2023\/03\/logo-1.png","contentUrl":"https:\/\/shop.orache.es\/cms\/wp-content\/uploads\/2023\/03\/logo-1.png","width":1166,"height":545,"caption":"Orache Desinfection"},"image":{"@id":"https:\/\/orache.es\/#\/schema\/logo\/image\/"}}]}},"_links":{"self":[{"href":"https:\/\/shop.orache.es\/fr\/wp-json\/wp\/v2\/product\/2382","targetHints":{"allow":["GET"]}}],"collection":[{"href":"https:\/\/shop.orache.es\/fr\/wp-json\/wp\/v2\/product"}],"about":[{"href":"https:\/\/shop.orache.es\/fr\/wp-json\/wp\/v2\/types\/product"}],"replies":[{"embeddable":true,"href":"https:\/\/shop.orache.es\/fr\/wp-json\/wp\/v2\/comments?post=2382"}],"wp:featuredmedia":[{"embeddable":true,"href":"https:\/\/shop.orache.es\/fr\/wp-json\/wp\/v2\/media\/40808"}],"wp:attachment":[{"href":"https:\/\/shop.orache.es\/fr\/wp-json\/wp\/v2\/media?parent=2382"}],"wp:term":[{"taxonomy":"product_brand","embeddable":true,"href":"https:\/\/shop.orache.es\/fr\/wp-json\/wp\/v2\/product_brand?post=2382"},{"taxonomy":"product_cat","embeddable":true,"href":"https:\/\/shop.orache.es\/fr\/wp-json\/wp\/v2\/product_cat?post=2382"},{"taxonomy":"product_tag","embeddable":true,"href":"https:\/\/shop.orache.es\/fr\/wp-json\/wp\/v2\/product_tag?post=2382"}],"curies":[{"name":"wp","href":"https:\/\/api.w.org\/{rel}","templated":true}]}}