{"id":29951,"date":"2023-11-20T15:54:01","date_gmt":"2023-11-20T15:54:01","guid":{"rendered":"https:\/\/orache.es\/?post_type=product&#038;p=29951"},"modified":"2026-04-13T07:48:13","modified_gmt":"2026-04-13T07:48:13","slug":"pastillas-limpiadoras-refill","status":"publish","type":"product","link":"https:\/\/shop.orache.es\/it\/product\/pastillas-limpiadoras-refill\/","title":{"rendered":"Pastillas Limpiadoras Refill Cleanpill: multi-superficies, desengrasante y antical"},"content":{"rendered":"<p><em>Reglamento (CE) n\u00ba 648\/2004 (Detergentes).<\/em><\/p>\n<p><em>Contenido del producto:<\/em><\/p>\n<p><strong>REFILL MULTIUSOS:<\/strong><\/p>\n<table>\n<tbody>\n<tr>\n<th>IUPAC NAME<\/th>\n<th>COMMON NAME<\/th>\n<th>CAS<\/th>\n<\/tr>\n<tr>\n<td>sodium carbonate<\/td>\n<td>sodium carbonate<\/td>\n<td>497-19-8<\/td>\n<\/tr>\n<tr>\n<td>trisodium;2-[bis(carboxymethyl)amino]propanoate o trinatrio 2-[bis(carboximetil)amino]propanoato<\/td>\n<td>Metilglicindiacetamida tris\u00f3dica (MGDA)<\/td>\n<td>164462-16-2<\/td>\n<\/tr>\n<tr>\n<td>2-hydroxypropane-1,2,3-tricarboxylic acid<\/td>\n<td>Citric acid<\/td>\n<td>77-92-9<\/td>\n<\/tr>\n<tr>\n<td>(3R,4S,5S,6R)-2-decoxy-6-(hydroxymethyl)oxane-3,4,5-triol<\/td>\n<td>D-Glucopyranose, oligomeric, decyl octyl glycosides<\/td>\n<td>68515-73-1<\/td>\n<\/tr>\n<tr>\n<td>sodium benzoate<\/td>\n<td>Sodium benzoate<\/td>\n<td>532-32-1<\/td>\n<\/tr>\n<tr>\n<td>Sulfuric acid, monococo alkyl esters, sodium salts<\/td>\n<td>Sodium coco-sulfate<\/td>\n<td>97375-27-4<\/td>\n<\/tr>\n<tr>\n<td>poly(sodium 2-methylidenebutanedioate)<\/td>\n<td>Sodium Polyitaconate<\/td>\n<td>26099-89-8<\/td>\n<\/tr>\n<tr>\n<td>PARFUM<\/td>\n<td>PARFUM<\/td>\n<td>&#8211;<\/td>\n<\/tr>\n<tr>\n<td>COLORANT<\/td>\n<td>COLORANT<\/td>\n<td>&#8211;<\/td>\n<\/tr>\n<\/tbody>\n<\/table>\n<p><strong>REFILL DESENGRASANTE:<\/strong><\/p>\n<table>\n<tbody>\n<tr>\n<th>IUPAC NAME<\/th>\n<th>COMMON NAME<\/th>\n<th>CAS<\/th>\n<\/tr>\n<tr>\n<td>sodium carbonate<\/td>\n<td>sodium carbonate<\/td>\n<td>497-19-8<\/td>\n<\/tr>\n<tr>\n<td>trisodium;2-[bis(carboxymethyl)amino]propanoate o trinatrio 2-[bis(carboximetil)amino]propanoato<\/td>\n<td>Metilglicindiacetamida tris\u00f3dica (MGDA)<\/td>\n<td>164462-16-2<\/td>\n<\/tr>\n<tr>\n<td>2-hydroxypropane-1,2,3-tricarboxylic acid<\/td>\n<td>Citric acid<\/td>\n<td>77-92-9<\/td>\n<\/tr>\n<tr>\n<td>(3R,4S,5S,6R)-2-decoxy-6-(hydroxymethyl)oxane-3,4,5-triol<\/td>\n<td>D-Glucopyranose, oligomeric, decyl octyl glycosides<\/td>\n<td>68515-73-1<\/td>\n<\/tr>\n<tr>\n<td>sodium benzoate<\/td>\n<td>Sodium benzoate<\/td>\n<td>532-32-1<\/td>\n<\/tr>\n<tr>\n<td>Sulfuric acid, monococo alkyl esters, sodium salts<\/td>\n<td>Sodium coco-sulfate<\/td>\n<td>97375-27-4<\/td>\n<\/tr>\n<tr>\n<td>poly(sodium 2-methylidenebutanedioate)<\/td>\n<td>Sodium Polyitaconate<\/td>\n<td>26099-89-8<\/td>\n<\/tr>\n<tr>\n<td>PARFUM<\/td>\n<td>PARFUM<\/td>\n<td>&#8211;<\/td>\n<\/tr>\n<tr>\n<td>COLORANT<\/td>\n<td>COLORANT<\/td>\n<td>&#8211;<\/td>\n<\/tr>\n<\/tbody>\n<\/table>\n<p><strong>REFILL ANTICAL:<\/strong><\/p>\n<table>\n<tbody>\n<tr>\n<th>IUPAC NAME<\/th>\n<th>COMMON NAME<\/th>\n<th>CAS<\/th>\n<\/tr>\n<tr>\n<td>2-hydroxypropane-1,2,3-tricarboxylic acid<\/td>\n<td>Citric acid<\/td>\n<td>77-92-9<\/td>\n<\/tr>\n<tr>\n<td>Trisodium;2-[bis(carboxymethyl)amino]propanoate o trinatrio 2-[bis(carboximetil)amino]propanoato<\/td>\n<td>Metilglicindiacetamida tris\u00f3dica (MGDA)<\/td>\n<td>164462-16-2<\/td>\n<\/tr>\n<tr>\n<td>Sodium hydrogen carbonate<\/td>\n<td>Sodium bicarbonate<\/td>\n<td>144-55-8<\/td>\n<\/tr>\n<tr>\n<td>Sodium benzoate<\/td>\n<td>Sodium benzoate<\/td>\n<td>532-32-1<\/td>\n<\/tr>\n<tr>\n<td>Sulfuric acid, monococo alkyl esters, sodium salts<\/td>\n<td>Sodium coco-sulfate<\/td>\n<td>97375-27-4<\/td>\n<\/tr>\n<tr>\n<td>Poly(sodium 2-methylidenebuta<\/td>\n<\/tr>\n<\/tbody>\n<\/table>\n","protected":false},"excerpt":{"rendered":"<p>En un mundo cada vez m\u00e1s consciente de la importancia de la <b>sostenibilidad<\/b>, es fundamental buscar <b>alternativas<\/b> que nos permitan reducir nuestro impacto ambiental en la vida cotidiana. Una de las \u00e1reas donde podemos marcar la diferencia es en el cuidado del hogar. Es aqu\u00ed donde las pastillas <i>refill<\/i> para la fabricaci\u00f3n de l\u00edquidos de limpieza entran en juego, ofreciendo una <b>soluci\u00f3n ecol\u00f3gica<\/b>.<\/p>\n<p>Las pastillas <i>refill<\/i> son una <b>alternativa sostenible <\/b>a los productos de limpieza convencionales. Estas pastillas est\u00e1n dise\u00f1adas para disolverse en agua y crear l\u00edquidos de limpieza listos para usar. Al utilizar pastillas <i>refill<\/i>, se evita la necesidad de comprar botellas de pl\u00e1stico nuevas en cada ocasi\u00f3n, lo que <b>reduce significativamente los residuos generados<\/b>.<\/p>\n","protected":false},"featured_media":40763,"comment_status":"closed","ping_status":"closed","template":"","meta":[],"product_brand":[],"product_cat":[334],"product_tag":[344,358,360,336,359,361,354,357,356,352,353,355,362],"class_list":{"0":"post-29951","1":"product","2":"type-product","3":"status-publish","4":"has-post-thumbnail","6":"product_cat-pastillas-limpiadoras-refill","7":"product_tag-ahorro","8":"product_tag-antical","9":"product_tag-bano","10":"product_tag-cleanpill","11":"product_tag-cocina","12":"product_tag-desengrasante","13":"product_tag-dosificacion","14":"product_tag-ecolabel","15":"product_tag-ecologico","16":"product_tag-limpieza","17":"product_tag-refill","18":"product_tag-sostenibilidad","19":"product_tag-superficies","21":"first","22":"instock","23":"taxable","24":"shipping-taxable","25":"purchasable","26":"product-type-variable"},"yoast_head":"<!-- This site is optimized with the Yoast SEO plugin v27.4 - https:\/\/yoast.com\/product\/yoast-seo-wordpress\/ -->\n<title>Pastillas Limpiadoras Refill Cleanpill: multi-superficies, desengrasante y antical - Orache Desinfection<\/title>\n<meta name=\"description\" content=\"Las pastillas refill son una alternativa sostenible a los productos de limpieza convencionales. DIsponible en 3 tipos: para multi-superficies, cocina y ba\u00f1o. Ahorra pl\u00e1stico y log\u00edstica.\" \/>\n<meta name=\"robots\" content=\"index, follow, max-snippet:-1, max-image-preview:large, max-video-preview:-1\" \/>\n<link rel=\"canonical\" href=\"https:\/\/shop.orache.es\/it\/product\/pastillas-limpiadoras-refill\/\" \/>\n<meta property=\"og:locale\" content=\"it_IT\" \/>\n<meta property=\"og:type\" content=\"article\" \/>\n<meta property=\"og:title\" content=\"Pastillas Limpiadoras Refill Cleanpill: multi-superficies, desengrasante y antical - Orache Desinfection\" \/>\n<meta property=\"og:description\" content=\"Las pastillas refill son una alternativa sostenible a los productos de limpieza convencionales. DIsponible en 3 tipos: para multi-superficies, cocina y ba\u00f1o. Ahorra pl\u00e1stico y log\u00edstica.\" \/>\n<meta property=\"og:url\" content=\"https:\/\/shop.orache.es\/it\/product\/pastillas-limpiadoras-refill\/\" \/>\n<meta property=\"og:site_name\" content=\"Orache Desinfection\" \/>\n<meta property=\"article:modified_time\" content=\"2026-04-13T07:48:13+00:00\" \/>\n<meta property=\"og:image\" content=\"https:\/\/shop.orache.es\/cms\/wp-content\/uploads\/2026\/04\/Imagen_refill_3productos.jpg\" \/>\n\t<meta property=\"og:image:width\" content=\"1250\" \/>\n\t<meta property=\"og:image:height\" content=\"966\" \/>\n\t<meta property=\"og:image:type\" content=\"image\/jpeg\" \/>\n<meta name=\"twitter:card\" content=\"summary_large_image\" \/>\n<meta name=\"twitter:label1\" content=\"Tempo di lettura stimato\" \/>\n\t<meta name=\"twitter:data1\" content=\"1 minuto\" \/>\n<script type=\"application\/ld+json\" class=\"yoast-schema-graph\">{\"@context\":\"https:\\\/\\\/schema.org\",\"@graph\":[{\"@type\":\"WebPage\",\"@id\":\"https:\\\/\\\/shop.orache.es\\\/it\\\/product\\\/pastillas-limpiadoras-refill\\\/\",\"url\":\"https:\\\/\\\/shop.orache.es\\\/it\\\/product\\\/pastillas-limpiadoras-refill\\\/\",\"name\":\"Pastillas Limpiadoras Refill Cleanpill: multi-superficies, desengrasante y antical - Orache Desinfection\",\"isPartOf\":{\"@id\":\"https:\\\/\\\/orache.es\\\/#website\"},\"primaryImageOfPage\":{\"@id\":\"https:\\\/\\\/shop.orache.es\\\/it\\\/product\\\/pastillas-limpiadoras-refill\\\/#primaryimage\"},\"image\":{\"@id\":\"https:\\\/\\\/shop.orache.es\\\/it\\\/product\\\/pastillas-limpiadoras-refill\\\/#primaryimage\"},\"thumbnailUrl\":\"https:\\\/\\\/shop.orache.es\\\/cms\\\/wp-content\\\/uploads\\\/2026\\\/04\\\/Imagen_refill_3productos.jpg\",\"datePublished\":\"2023-11-20T15:54:01+00:00\",\"dateModified\":\"2026-04-13T07:48:13+00:00\",\"description\":\"Las pastillas refill son una alternativa sostenible a los productos de limpieza convencionales. DIsponible en 3 tipos: para multi-superficies, cocina y ba\u00f1o. Ahorra pl\u00e1stico y log\u00edstica.\",\"breadcrumb\":{\"@id\":\"https:\\\/\\\/shop.orache.es\\\/it\\\/product\\\/pastillas-limpiadoras-refill\\\/#breadcrumb\"},\"inLanguage\":\"it-IT\",\"potentialAction\":[{\"@type\":\"ReadAction\",\"target\":[\"https:\\\/\\\/shop.orache.es\\\/it\\\/product\\\/pastillas-limpiadoras-refill\\\/\"]}]},{\"@type\":\"ImageObject\",\"inLanguage\":\"it-IT\",\"@id\":\"https:\\\/\\\/shop.orache.es\\\/it\\\/product\\\/pastillas-limpiadoras-refill\\\/#primaryimage\",\"url\":\"https:\\\/\\\/shop.orache.es\\\/cms\\\/wp-content\\\/uploads\\\/2026\\\/04\\\/Imagen_refill_3productos.jpg\",\"contentUrl\":\"https:\\\/\\\/shop.orache.es\\\/cms\\\/wp-content\\\/uploads\\\/2026\\\/04\\\/Imagen_refill_3productos.jpg\",\"width\":1250,\"height\":966},{\"@type\":\"BreadcrumbList\",\"@id\":\"https:\\\/\\\/shop.orache.es\\\/it\\\/product\\\/pastillas-limpiadoras-refill\\\/#breadcrumb\",\"itemListElement\":[{\"@type\":\"ListItem\",\"position\":1,\"name\":\"Portada\",\"item\":\"https:\\\/\\\/orache.es\\\/\"},{\"@type\":\"ListItem\",\"position\":2,\"name\":\"Tienda online\",\"item\":\"https:\\\/\\\/shop.orache.es\\\/tienda-online\\\/\"},{\"@type\":\"ListItem\",\"position\":3,\"name\":\"Pastillas Limpiadoras Refill Cleanpill: multi-superficies, desengrasante y antical\"}]},{\"@type\":\"WebSite\",\"@id\":\"https:\\\/\\\/orache.es\\\/#website\",\"url\":\"https:\\\/\\\/orache.es\\\/\",\"name\":\"Orache Desinfection\",\"description\":\"Fabricantes de productos de limpieza\",\"publisher\":{\"@id\":\"https:\\\/\\\/orache.es\\\/#organization\"},\"potentialAction\":[{\"@type\":\"SearchAction\",\"target\":{\"@type\":\"EntryPoint\",\"urlTemplate\":\"https:\\\/\\\/orache.es\\\/?s={search_term_string}\"},\"query-input\":{\"@type\":\"PropertyValueSpecification\",\"valueRequired\":true,\"valueName\":\"search_term_string\"}}],\"inLanguage\":\"it-IT\"},{\"@type\":\"Organization\",\"@id\":\"https:\\\/\\\/orache.es\\\/#organization\",\"name\":\"Orache Desinfection\",\"url\":\"https:\\\/\\\/orache.es\\\/\",\"logo\":{\"@type\":\"ImageObject\",\"inLanguage\":\"it-IT\",\"@id\":\"https:\\\/\\\/orache.es\\\/#\\\/schema\\\/logo\\\/image\\\/\",\"url\":\"https:\\\/\\\/shop.orache.es\\\/cms\\\/wp-content\\\/uploads\\\/2023\\\/03\\\/logo-1.png\",\"contentUrl\":\"https:\\\/\\\/shop.orache.es\\\/cms\\\/wp-content\\\/uploads\\\/2023\\\/03\\\/logo-1.png\",\"width\":1166,\"height\":545,\"caption\":\"Orache Desinfection\"},\"image\":{\"@id\":\"https:\\\/\\\/orache.es\\\/#\\\/schema\\\/logo\\\/image\\\/\"}}]}<\/script>\n<!-- \/ Yoast SEO plugin. -->","yoast_head_json":{"title":"Pastillas Limpiadoras Refill Cleanpill: multi-superficies, desengrasante y antical - Orache Desinfection","description":"Las pastillas refill son una alternativa sostenible a los productos de limpieza convencionales. DIsponible en 3 tipos: para multi-superficies, cocina y ba\u00f1o. Ahorra pl\u00e1stico y log\u00edstica.","robots":{"index":"index","follow":"follow","max-snippet":"max-snippet:-1","max-image-preview":"max-image-preview:large","max-video-preview":"max-video-preview:-1"},"canonical":"https:\/\/shop.orache.es\/it\/product\/pastillas-limpiadoras-refill\/","og_locale":"it_IT","og_type":"article","og_title":"Pastillas Limpiadoras Refill Cleanpill: multi-superficies, desengrasante y antical - Orache Desinfection","og_description":"Las pastillas refill son una alternativa sostenible a los productos de limpieza convencionales. DIsponible en 3 tipos: para multi-superficies, cocina y ba\u00f1o. Ahorra pl\u00e1stico y log\u00edstica.","og_url":"https:\/\/shop.orache.es\/it\/product\/pastillas-limpiadoras-refill\/","og_site_name":"Orache Desinfection","article_modified_time":"2026-04-13T07:48:13+00:00","og_image":[{"width":1250,"height":966,"url":"https:\/\/shop.orache.es\/cms\/wp-content\/uploads\/2026\/04\/Imagen_refill_3productos.jpg","type":"image\/jpeg"}],"twitter_card":"summary_large_image","twitter_misc":{"Tempo di lettura stimato":"1 minuto"},"schema":{"@context":"https:\/\/schema.org","@graph":[{"@type":"WebPage","@id":"https:\/\/shop.orache.es\/it\/product\/pastillas-limpiadoras-refill\/","url":"https:\/\/shop.orache.es\/it\/product\/pastillas-limpiadoras-refill\/","name":"Pastillas Limpiadoras Refill Cleanpill: multi-superficies, desengrasante y antical - Orache Desinfection","isPartOf":{"@id":"https:\/\/orache.es\/#website"},"primaryImageOfPage":{"@id":"https:\/\/shop.orache.es\/it\/product\/pastillas-limpiadoras-refill\/#primaryimage"},"image":{"@id":"https:\/\/shop.orache.es\/it\/product\/pastillas-limpiadoras-refill\/#primaryimage"},"thumbnailUrl":"https:\/\/shop.orache.es\/cms\/wp-content\/uploads\/2026\/04\/Imagen_refill_3productos.jpg","datePublished":"2023-11-20T15:54:01+00:00","dateModified":"2026-04-13T07:48:13+00:00","description":"Las pastillas refill son una alternativa sostenible a los productos de limpieza convencionales. DIsponible en 3 tipos: para multi-superficies, cocina y ba\u00f1o. Ahorra pl\u00e1stico y log\u00edstica.","breadcrumb":{"@id":"https:\/\/shop.orache.es\/it\/product\/pastillas-limpiadoras-refill\/#breadcrumb"},"inLanguage":"it-IT","potentialAction":[{"@type":"ReadAction","target":["https:\/\/shop.orache.es\/it\/product\/pastillas-limpiadoras-refill\/"]}]},{"@type":"ImageObject","inLanguage":"it-IT","@id":"https:\/\/shop.orache.es\/it\/product\/pastillas-limpiadoras-refill\/#primaryimage","url":"https:\/\/shop.orache.es\/cms\/wp-content\/uploads\/2026\/04\/Imagen_refill_3productos.jpg","contentUrl":"https:\/\/shop.orache.es\/cms\/wp-content\/uploads\/2026\/04\/Imagen_refill_3productos.jpg","width":1250,"height":966},{"@type":"BreadcrumbList","@id":"https:\/\/shop.orache.es\/it\/product\/pastillas-limpiadoras-refill\/#breadcrumb","itemListElement":[{"@type":"ListItem","position":1,"name":"Portada","item":"https:\/\/orache.es\/"},{"@type":"ListItem","position":2,"name":"Tienda online","item":"https:\/\/shop.orache.es\/tienda-online\/"},{"@type":"ListItem","position":3,"name":"Pastillas Limpiadoras Refill Cleanpill: multi-superficies, desengrasante y antical"}]},{"@type":"WebSite","@id":"https:\/\/orache.es\/#website","url":"https:\/\/orache.es\/","name":"Orache Desinfection","description":"Fabricantes de productos de limpieza","publisher":{"@id":"https:\/\/orache.es\/#organization"},"potentialAction":[{"@type":"SearchAction","target":{"@type":"EntryPoint","urlTemplate":"https:\/\/orache.es\/?s={search_term_string}"},"query-input":{"@type":"PropertyValueSpecification","valueRequired":true,"valueName":"search_term_string"}}],"inLanguage":"it-IT"},{"@type":"Organization","@id":"https:\/\/orache.es\/#organization","name":"Orache Desinfection","url":"https:\/\/orache.es\/","logo":{"@type":"ImageObject","inLanguage":"it-IT","@id":"https:\/\/orache.es\/#\/schema\/logo\/image\/","url":"https:\/\/shop.orache.es\/cms\/wp-content\/uploads\/2023\/03\/logo-1.png","contentUrl":"https:\/\/shop.orache.es\/cms\/wp-content\/uploads\/2023\/03\/logo-1.png","width":1166,"height":545,"caption":"Orache Desinfection"},"image":{"@id":"https:\/\/orache.es\/#\/schema\/logo\/image\/"}}]}},"_links":{"self":[{"href":"https:\/\/shop.orache.es\/it\/wp-json\/wp\/v2\/product\/29951","targetHints":{"allow":["GET"]}}],"collection":[{"href":"https:\/\/shop.orache.es\/it\/wp-json\/wp\/v2\/product"}],"about":[{"href":"https:\/\/shop.orache.es\/it\/wp-json\/wp\/v2\/types\/product"}],"replies":[{"embeddable":true,"href":"https:\/\/shop.orache.es\/it\/wp-json\/wp\/v2\/comments?post=29951"}],"wp:featuredmedia":[{"embeddable":true,"href":"https:\/\/shop.orache.es\/it\/wp-json\/wp\/v2\/media\/40763"}],"wp:attachment":[{"href":"https:\/\/shop.orache.es\/it\/wp-json\/wp\/v2\/media?parent=29951"}],"wp:term":[{"taxonomy":"product_brand","embeddable":true,"href":"https:\/\/shop.orache.es\/it\/wp-json\/wp\/v2\/product_brand?post=29951"},{"taxonomy":"product_cat","embeddable":true,"href":"https:\/\/shop.orache.es\/it\/wp-json\/wp\/v2\/product_cat?post=29951"},{"taxonomy":"product_tag","embeddable":true,"href":"https:\/\/shop.orache.es\/it\/wp-json\/wp\/v2\/product_tag?post=29951"}],"curies":[{"name":"wp","href":"https:\/\/api.w.org\/{rel}","templated":true}]}}