{"id":37667,"date":"2026-04-08T10:56:30","date_gmt":"2026-04-08T10:56:30","guid":{"rendered":"https:\/\/orache.es\/?post_type=product&#038;p=37667"},"modified":"2026-04-10T07:53:16","modified_gmt":"2026-04-10T07:53:16","slug":"tabletas-solidas-para-potabilizacion-de-agua-300-pastillas","status":"publish","type":"product","link":"https:\/\/shop.orache.es\/it\/product\/tabletas-solidas-para-potabilizacion-de-agua-300-pastillas\/","title":{"rendered":"Pastillas Potabilizaci\u00f3n Cleanpill, agua consumo humano (Bote de 300 pastillas de 3,35 gr)"},"content":{"rendered":"<h2>\ud83d\udca7 Pastillas Potabilizadoras de Agua &#8211; \u00a1Agua segura est\u00e9s donde est\u00e9s!<\/h2>\n<p>Asegura tu tranquilidad y la de los tuyos con nuestras pastillas efervescentes de potabilizaci\u00f3n. Dise\u00f1adas espec\u00edficamente para el consumo humano, transforman el agua de origen dudoso en agua purificada y 100% segura en cuesti\u00f3n de minutos. \u00a1El salvavidas imprescindible que no puede faltar en tu mochila!<\/p>\n<h3>\u2728 \u00bfPor qu\u00e9 son un aut\u00e9ntico must?<\/h3>\n<ul>\n<li>\n<div>Eficacia Letal: Su potente f\u00f3rmula a base de cloro act\u00faa de forma fulminante eliminando de ra\u00edz virus, bacterias pat\u00f3genas, esporas, algas y hongos.<\/div>\n<\/li>\n<li>\n<div>Acci\u00f3n Ultra R\u00e1pida: Gracias a su formato efervescente, se disuelven en el agua a la velocidad de la luz para ofrecerte una desinfecci\u00f3n profunda sin largas esperas.<\/div>\n<\/li>\n<li>\n<div><span data-spm-anchor-id=\"euspain.pdp.description.i1.63346fa0aKplvu\">M\u00e1xima Seguridad:<\/span> Acaban con cualquier microorganismo da\u00f1ino, garantizando un agua totalmente adaptada y segura para beber.<\/div>\n<\/li>\n<li>\n<div>Formato S\u00faper Pr\u00e1ctico: Di adi\u00f3s a los pesados filtros. Son ligeras, compactas y s\u00faper f\u00e1ciles de transportar.<\/div>\n<\/li>\n<\/ul>\n<h3>\ud83c\udf0d Preparadas para cualquier aventura<\/h3>\n<p>Son el complemento perfecto para tus escapadas de senderismo, acampada y deportes outdoor, as\u00ed como un elemento vital para cualquier kit de supervivencia y emergencias. Adem\u00e1s, resultan s\u00faper \u00fatiles para el tratamiento y mantenimiento de agua almacenada en dep\u00f3sitos o cisternas. Ll\u00e9valas siempre contigo y convierte al instante cualquier fuente de agua en una opci\u00f3n segura y lista para beber.\u00f3n del agua potable.<\/p>\n<p>&nbsp;<\/p>\n<p>Se trata de un producto de garant\u00eda: \u2022 Embalaje 100% reciclable. \u2022 Su eficacia est\u00e1 probada por los test m\u00e1s estrictos y los an\u00e1lisis han sido realizados en laboratorios externos que garantizan su calidad y respeto por el medio ambiente, sus caracter\u00edsticas t\u00e9cnicas y su durabilidad. \u2022 Producto fabricado en Espa\u00f1a. \u2022 Ideal para su almacenamiento sin riesgo de accidentes. \u2022 F\u00e1cil manipulaci\u00f3n y dosificaci\u00f3n<\/p>\n","protected":false},"excerpt":{"rendered":"<p><span data-spm-anchor-id=\"euspain.pdp.description.i4.63346fa0aKplvu\">Asegura tu tranquilidad y la de los tuyos con nuestras pastillas efervescentes de potabilizaci\u00f3n. Dise\u00f1adas espec\u00edficamente para el <\/span>consumo humano<span data-spm-anchor-id=\"euspain.pdp.description.i5.63346fa0aKplvu\">, transforman el agua de origen dudoso en agua purificada y 100% segura en cuesti\u00f3n de minutos. \u00a1El salvavidas imprescindible que no puede faltar en tu mochila!<\/span><\/p>\n","protected":false},"featured_media":37668,"comment_status":"closed","ping_status":"closed","template":"","meta":[],"product_brand":[],"product_cat":[434],"product_tag":[],"class_list":{"0":"post-37667","1":"product","2":"type-product","3":"status-publish","4":"has-post-thumbnail","6":"product_cat-agua-potable-uso-humano","8":"first","9":"instock","10":"taxable","11":"shipping-taxable","12":"purchasable","13":"product-type-simple"},"yoast_head":"<!-- This site is optimized with the Yoast SEO plugin v26.8 - https:\/\/yoast.com\/product\/yoast-seo-wordpress\/ -->\n<title>Pastillas Potabilizaci\u00f3n Cleanpill, agua consumo humano (Bote de 300 pastillas de 3,35 gr) - Orache Desinfection<\/title>\n<meta name=\"description\" content=\"Asegura tu tranquilidad y la de los tuyos con nuestras pastillas efervescentes de potabilizaci\u00f3n. Dise\u00f1adas espec\u00edficamente para el consumo humano, transforman el agua de origen dudoso en agua purificada y 100% segura en cuesti\u00f3n de minutos. \u00a1El salvavidas imprescindible que no puede faltar en tu mochila!\" \/>\n<meta name=\"robots\" content=\"index, follow, max-snippet:-1, max-image-preview:large, max-video-preview:-1\" \/>\n<link rel=\"canonical\" href=\"https:\/\/shop.orache.es\/it\/product\/tabletas-solidas-para-potabilizacion-de-agua-300-pastillas\/\" \/>\n<meta property=\"og:locale\" content=\"it_IT\" \/>\n<meta property=\"og:type\" content=\"article\" \/>\n<meta property=\"og:title\" content=\"Pastillas Potabilizaci\u00f3n Cleanpill, agua consumo humano (Bote de 300 pastillas de 3,35 gr) - Orache Desinfection\" \/>\n<meta property=\"og:description\" content=\"Asegura tu tranquilidad y la de los tuyos con nuestras pastillas efervescentes de potabilizaci\u00f3n. Dise\u00f1adas espec\u00edficamente para el consumo humano, transforman el agua de origen dudoso en agua purificada y 100% segura en cuesti\u00f3n de minutos. \u00a1El salvavidas imprescindible que no puede faltar en tu mochila!\" \/>\n<meta property=\"og:url\" content=\"https:\/\/shop.orache.es\/it\/product\/tabletas-solidas-para-potabilizacion-de-agua-300-pastillas\/\" \/>\n<meta property=\"og:site_name\" content=\"Orache Desinfection\" \/>\n<meta property=\"article:modified_time\" content=\"2026-04-10T07:53:16+00:00\" \/>\n<meta property=\"og:image\" content=\"https:\/\/orache.es\/cms\/wp-content\/uploads\/2024\/10\/IMG-20241031-WA0005.jpg\" \/>\n\t<meta property=\"og:image:width\" content=\"1114\" \/>\n\t<meta property=\"og:image:height\" content=\"1250\" \/>\n\t<meta property=\"og:image:type\" content=\"image\/jpeg\" \/>\n<meta name=\"twitter:card\" content=\"summary_large_image\" \/>\n<meta name=\"twitter:label1\" content=\"Tempo di lettura stimato\" \/>\n\t<meta name=\"twitter:data1\" content=\"2 minuti\" \/>\n<script type=\"application\/ld+json\" class=\"yoast-schema-graph\">{\"@context\":\"https:\/\/schema.org\",\"@graph\":[{\"@type\":\"WebPage\",\"@id\":\"https:\/\/shop.orache.es\/it\/product\/tabletas-solidas-para-potabilizacion-de-agua-300-pastillas\/\",\"url\":\"https:\/\/shop.orache.es\/it\/product\/tabletas-solidas-para-potabilizacion-de-agua-300-pastillas\/\",\"name\":\"Pastillas Potabilizaci\u00f3n Cleanpill, agua consumo humano (Bote de 300 pastillas de 3,35 gr) - Orache Desinfection\",\"isPartOf\":{\"@id\":\"https:\/\/shop.orache.es\/it\/#website\"},\"primaryImageOfPage\":{\"@id\":\"https:\/\/shop.orache.es\/it\/product\/tabletas-solidas-para-potabilizacion-de-agua-300-pastillas\/#primaryimage\"},\"image\":{\"@id\":\"https:\/\/shop.orache.es\/it\/product\/tabletas-solidas-para-potabilizacion-de-agua-300-pastillas\/#primaryimage\"},\"thumbnailUrl\":\"https:\/\/shop.orache.es\/cms\/wp-content\/uploads\/2024\/10\/IMG-20241031-WA0005.jpg\",\"datePublished\":\"2026-04-08T10:56:30+00:00\",\"dateModified\":\"2026-04-10T07:53:16+00:00\",\"description\":\"Asegura tu tranquilidad y la de los tuyos con nuestras pastillas efervescentes de potabilizaci\u00f3n. Dise\u00f1adas espec\u00edficamente para el consumo humano, transforman el agua de origen dudoso en agua purificada y 100% segura en cuesti\u00f3n de minutos. \u00a1El salvavidas imprescindible que no puede faltar en tu mochila!\",\"breadcrumb\":{\"@id\":\"https:\/\/shop.orache.es\/it\/product\/tabletas-solidas-para-potabilizacion-de-agua-300-pastillas\/#breadcrumb\"},\"inLanguage\":\"it-IT\",\"potentialAction\":[{\"@type\":\"ReadAction\",\"target\":[\"https:\/\/shop.orache.es\/it\/product\/tabletas-solidas-para-potabilizacion-de-agua-300-pastillas\/\"]}]},{\"@type\":\"ImageObject\",\"inLanguage\":\"it-IT\",\"@id\":\"https:\/\/shop.orache.es\/it\/product\/tabletas-solidas-para-potabilizacion-de-agua-300-pastillas\/#primaryimage\",\"url\":\"https:\/\/shop.orache.es\/cms\/wp-content\/uploads\/2024\/10\/IMG-20241031-WA0005.jpg\",\"contentUrl\":\"https:\/\/shop.orache.es\/cms\/wp-content\/uploads\/2024\/10\/IMG-20241031-WA0005.jpg\",\"width\":1114,\"height\":1250,\"caption\":\"Pastillas Potabilizadoras de agua PB200 - IMG-20241031-WA0005.jpg\"},{\"@type\":\"BreadcrumbList\",\"@id\":\"https:\/\/shop.orache.es\/it\/product\/tabletas-solidas-para-potabilizacion-de-agua-300-pastillas\/#breadcrumb\",\"itemListElement\":[{\"@type\":\"ListItem\",\"position\":1,\"name\":\"Portada\",\"item\":\"https:\/\/shop.orache.es\/it\/\"},{\"@type\":\"ListItem\",\"position\":2,\"name\":\"Tienda online\",\"item\":\"https:\/\/shop.orache.es\/tienda-online\/\"},{\"@type\":\"ListItem\",\"position\":3,\"name\":\"Pastillas Potabilizaci\u00f3n Cleanpill, agua consumo humano (Bote de 300 pastillas de 3,35 gr)\"}]},{\"@type\":\"WebSite\",\"@id\":\"https:\/\/shop.orache.es\/it\/#website\",\"url\":\"https:\/\/shop.orache.es\/it\/\",\"name\":\"Orache Desinfection\",\"description\":\"Fabricantes de productos de limpieza\",\"publisher\":{\"@id\":\"https:\/\/shop.orache.es\/it\/#organization\"},\"potentialAction\":[{\"@type\":\"SearchAction\",\"target\":{\"@type\":\"EntryPoint\",\"urlTemplate\":\"https:\/\/shop.orache.es\/it\/?s={search_term_string}\"},\"query-input\":{\"@type\":\"PropertyValueSpecification\",\"valueRequired\":true,\"valueName\":\"search_term_string\"}}],\"inLanguage\":\"it-IT\"},{\"@type\":\"Organization\",\"@id\":\"https:\/\/shop.orache.es\/it\/#organization\",\"name\":\"Orache Desinfection\",\"url\":\"https:\/\/shop.orache.es\/it\/\",\"logo\":{\"@type\":\"ImageObject\",\"inLanguage\":\"it-IT\",\"@id\":\"https:\/\/shop.orache.es\/it\/#\/schema\/logo\/image\/\",\"url\":\"https:\/\/shop.orache.es\/cms\/wp-content\/uploads\/2023\/03\/logo-1.png\",\"contentUrl\":\"https:\/\/shop.orache.es\/cms\/wp-content\/uploads\/2023\/03\/logo-1.png\",\"width\":1166,\"height\":545,\"caption\":\"Orache Desinfection\"},\"image\":{\"@id\":\"https:\/\/shop.orache.es\/it\/#\/schema\/logo\/image\/\"}}]}<\/script>\n<!-- \/ Yoast SEO plugin. -->","yoast_head_json":{"title":"Pastillas Potabilizaci\u00f3n Cleanpill, agua consumo humano (Bote de 300 pastillas de 3,35 gr) - Orache Desinfection","description":"Asegura tu tranquilidad y la de los tuyos con nuestras pastillas efervescentes de potabilizaci\u00f3n. Dise\u00f1adas espec\u00edficamente para el consumo humano, transforman el agua de origen dudoso en agua purificada y 100% segura en cuesti\u00f3n de minutos. \u00a1El salvavidas imprescindible que no puede faltar en tu mochila!","robots":{"index":"index","follow":"follow","max-snippet":"max-snippet:-1","max-image-preview":"max-image-preview:large","max-video-preview":"max-video-preview:-1"},"canonical":"https:\/\/shop.orache.es\/it\/product\/tabletas-solidas-para-potabilizacion-de-agua-300-pastillas\/","og_locale":"it_IT","og_type":"article","og_title":"Pastillas Potabilizaci\u00f3n Cleanpill, agua consumo humano (Bote de 300 pastillas de 3,35 gr) - Orache Desinfection","og_description":"Asegura tu tranquilidad y la de los tuyos con nuestras pastillas efervescentes de potabilizaci\u00f3n. Dise\u00f1adas espec\u00edficamente para el consumo humano, transforman el agua de origen dudoso en agua purificada y 100% segura en cuesti\u00f3n de minutos. \u00a1El salvavidas imprescindible que no puede faltar en tu mochila!","og_url":"https:\/\/shop.orache.es\/it\/product\/tabletas-solidas-para-potabilizacion-de-agua-300-pastillas\/","og_site_name":"Orache Desinfection","article_modified_time":"2026-04-10T07:53:16+00:00","og_image":[{"width":1114,"height":1250,"url":"https:\/\/orache.es\/cms\/wp-content\/uploads\/2024\/10\/IMG-20241031-WA0005.jpg","type":"image\/jpeg"}],"twitter_card":"summary_large_image","twitter_misc":{"Tempo di lettura stimato":"2 minuti"},"schema":{"@context":"https:\/\/schema.org","@graph":[{"@type":"WebPage","@id":"https:\/\/shop.orache.es\/it\/product\/tabletas-solidas-para-potabilizacion-de-agua-300-pastillas\/","url":"https:\/\/shop.orache.es\/it\/product\/tabletas-solidas-para-potabilizacion-de-agua-300-pastillas\/","name":"Pastillas Potabilizaci\u00f3n Cleanpill, agua consumo humano (Bote de 300 pastillas de 3,35 gr) - Orache Desinfection","isPartOf":{"@id":"https:\/\/shop.orache.es\/it\/#website"},"primaryImageOfPage":{"@id":"https:\/\/shop.orache.es\/it\/product\/tabletas-solidas-para-potabilizacion-de-agua-300-pastillas\/#primaryimage"},"image":{"@id":"https:\/\/shop.orache.es\/it\/product\/tabletas-solidas-para-potabilizacion-de-agua-300-pastillas\/#primaryimage"},"thumbnailUrl":"https:\/\/shop.orache.es\/cms\/wp-content\/uploads\/2024\/10\/IMG-20241031-WA0005.jpg","datePublished":"2026-04-08T10:56:30+00:00","dateModified":"2026-04-10T07:53:16+00:00","description":"Asegura tu tranquilidad y la de los tuyos con nuestras pastillas efervescentes de potabilizaci\u00f3n. Dise\u00f1adas espec\u00edficamente para el consumo humano, transforman el agua de origen dudoso en agua purificada y 100% segura en cuesti\u00f3n de minutos. \u00a1El salvavidas imprescindible que no puede faltar en tu mochila!","breadcrumb":{"@id":"https:\/\/shop.orache.es\/it\/product\/tabletas-solidas-para-potabilizacion-de-agua-300-pastillas\/#breadcrumb"},"inLanguage":"it-IT","potentialAction":[{"@type":"ReadAction","target":["https:\/\/shop.orache.es\/it\/product\/tabletas-solidas-para-potabilizacion-de-agua-300-pastillas\/"]}]},{"@type":"ImageObject","inLanguage":"it-IT","@id":"https:\/\/shop.orache.es\/it\/product\/tabletas-solidas-para-potabilizacion-de-agua-300-pastillas\/#primaryimage","url":"https:\/\/shop.orache.es\/cms\/wp-content\/uploads\/2024\/10\/IMG-20241031-WA0005.jpg","contentUrl":"https:\/\/shop.orache.es\/cms\/wp-content\/uploads\/2024\/10\/IMG-20241031-WA0005.jpg","width":1114,"height":1250,"caption":"Pastillas Potabilizadoras de agua PB200 - IMG-20241031-WA0005.jpg"},{"@type":"BreadcrumbList","@id":"https:\/\/shop.orache.es\/it\/product\/tabletas-solidas-para-potabilizacion-de-agua-300-pastillas\/#breadcrumb","itemListElement":[{"@type":"ListItem","position":1,"name":"Portada","item":"https:\/\/shop.orache.es\/it\/"},{"@type":"ListItem","position":2,"name":"Tienda online","item":"https:\/\/shop.orache.es\/tienda-online\/"},{"@type":"ListItem","position":3,"name":"Pastillas Potabilizaci\u00f3n Cleanpill, agua consumo humano (Bote de 300 pastillas de 3,35 gr)"}]},{"@type":"WebSite","@id":"https:\/\/shop.orache.es\/it\/#website","url":"https:\/\/shop.orache.es\/it\/","name":"Orache Desinfection","description":"Fabricantes de productos de limpieza","publisher":{"@id":"https:\/\/shop.orache.es\/it\/#organization"},"potentialAction":[{"@type":"SearchAction","target":{"@type":"EntryPoint","urlTemplate":"https:\/\/shop.orache.es\/it\/?s={search_term_string}"},"query-input":{"@type":"PropertyValueSpecification","valueRequired":true,"valueName":"search_term_string"}}],"inLanguage":"it-IT"},{"@type":"Organization","@id":"https:\/\/shop.orache.es\/it\/#organization","name":"Orache Desinfection","url":"https:\/\/shop.orache.es\/it\/","logo":{"@type":"ImageObject","inLanguage":"it-IT","@id":"https:\/\/shop.orache.es\/it\/#\/schema\/logo\/image\/","url":"https:\/\/shop.orache.es\/cms\/wp-content\/uploads\/2023\/03\/logo-1.png","contentUrl":"https:\/\/shop.orache.es\/cms\/wp-content\/uploads\/2023\/03\/logo-1.png","width":1166,"height":545,"caption":"Orache Desinfection"},"image":{"@id":"https:\/\/shop.orache.es\/it\/#\/schema\/logo\/image\/"}}]}},"_links":{"self":[{"href":"https:\/\/shop.orache.es\/it\/wp-json\/wp\/v2\/product\/37667","targetHints":{"allow":["GET"]}}],"collection":[{"href":"https:\/\/shop.orache.es\/it\/wp-json\/wp\/v2\/product"}],"about":[{"href":"https:\/\/shop.orache.es\/it\/wp-json\/wp\/v2\/types\/product"}],"replies":[{"embeddable":true,"href":"https:\/\/shop.orache.es\/it\/wp-json\/wp\/v2\/comments?post=37667"}],"wp:featuredmedia":[{"embeddable":true,"href":"https:\/\/shop.orache.es\/it\/wp-json\/wp\/v2\/media\/37668"}],"wp:attachment":[{"href":"https:\/\/shop.orache.es\/it\/wp-json\/wp\/v2\/media?parent=37667"}],"wp:term":[{"taxonomy":"product_brand","embeddable":true,"href":"https:\/\/shop.orache.es\/it\/wp-json\/wp\/v2\/product_brand?post=37667"},{"taxonomy":"product_cat","embeddable":true,"href":"https:\/\/shop.orache.es\/it\/wp-json\/wp\/v2\/product_cat?post=37667"},{"taxonomy":"product_tag","embeddable":true,"href":"https:\/\/shop.orache.es\/it\/wp-json\/wp\/v2\/product_tag?post=37667"}],"curies":[{"name":"wp","href":"https:\/\/api.w.org\/{rel}","templated":true}]}}